{"id":48596,"date":"2025-04-22T12:37:16","date_gmt":"2025-04-22T12:37:16","guid":{"rendered":"https:\/\/www.musique-cordiale.com\/programme-tickets\/une-soiree-insolite-a-lopera-dans-un-cadre-magique-au-milieu-des-arbres-et-sous-la-tour-de-lhorloge-et-avec-vue-sur-le-chateau-et-les-collines-du-var-au-loin\/"},"modified":"2025-08-05T19:14:38","modified_gmt":"2025-08-05T19:14:38","slug":"une-soiree-insolite-a-lopera-dans-un-cadre-magique-au-milieu-des-arbres-et-sous-la-tour-de-lhorloge-et-avec-vue-sur-le-chateau-et-les-collines-du-var-au-loin","status":"publish","type":"product","link":"https:\/\/www.musique-cordiale.com\/fr\/boutique-billetterie\/une-soiree-insolite-a-lopera-dans-un-cadre-magique-au-milieu-des-arbres-et-sous-la-tour-de-lhorloge-et-avec-vue-sur-le-chateau-et-les-collines-du-var-au-loin\/","title":{"rendered":"\u00ab Une soir\u00e9e insolite \u00e0 l\u2019OP\u00c9RA \u00bb dans un cadre magique au milieu des arbres et sous la tour de l\u2019horloge \u2013 et avec vue sur le ch\u00e2teau et les collines du Var au loin, mercredi 6 ao\u00fbt 2025, 21h, Place de l\u2019Horloge, TOURRETTES"},"content":{"rendered":"<p><strong>Nos <strong>jeunes solistes vocaux de premier ordre<\/strong>\u00a0:<\/strong> Rebecca Hardwick, soprano, Hannah Dienes-Williams, mezzo, Collin Shay, contre-t\u00e9nor, Aidan Coburn, t\u00e9nor, Patrick Alexander Keefe, baryton avec Rebecca Taylor, piano <\/p>\n<p><strong>Une soir\u00e9e de grands classiques de l&rsquo;op\u00e9ra, r\u00e9unis dans cette nouvelle production inventive, semi-sc\u00e9nique, pr\u00e9sent\u00e9e pour la premi\u00e8re fois \u00e0 Musique-Cordiale<\/strong><\/p>\n<p><em>Incluant\u00a0:<\/em><\/p>\n","protected":false},"excerpt":{"rendered":"<p>Notre incroyable programmation de <strong>solistes vocaux<\/strong>\u00a0: Rebecca Hardwick, soprano, Hannah Dienes-Williams, mezzo, Collin Shay, contre-t\u00e9nor, Aidan Coburn, t\u00e9nor, Patrick Alexander Keefe, baryton avec Rebecca Taylor, piano<\/p>\n<p>Une soir\u00e9e de grands classiques de l&rsquo;op\u00e9ra, r\u00e9unis dans cette nouvelle production inventive, pr\u00e9sent\u00e9e en partie \u00e0 Musique-Cordiale<\/p>\n","protected":false},"featured_media":48615,"template":"","meta":{"_acf_changed":false,"_monsterinsights_skip_tracking":false,"_monsterinsights_sitenote_active":false,"_monsterinsights_sitenote_note":"","_monsterinsights_sitenote_category":0,"_uf_show_specific_survey":0,"_uf_disable_surveys":false,"advanced_seo_description":"","jetpack_seo_html_title":"","jetpack_seo_noindex":false},"product_brand":[],"product_cat":[495],"product_tag":[468,506,219,395,513,467,518],"venue":[452,255],"class_list":{"0":"post-48596","1":"product","2":"type-product","3":"status-publish","4":"has-post-thumbnail","6":"product_cat-festival-2025-fr","7":"product_tag-a-ciel-ouvert","8":"product_tag-airs","9":"product_tag-billet-fr","10":"product_tag-concert-fr","11":"product_tag-musique-cordiale-fr","12":"product_tag-opera-fr","13":"product_tag-pleine-aire-fr","14":"venue-place-de-lhorloge","15":"venue-tourrettes","17":"first","18":"instock","19":"shipping-taxable","20":"purchasable","21":"product-type-variable"},"acf":[],"jetpack_sharing_enabled":true,"jetpack-related-posts":[{"id":48464,"url":"https:\/\/www.musique-cordiale.com\/fr\/boutique-billetterie\/une-nuit-a-lopera-la-scene-de-lancienne-gare-de-seillans-en-plein-air-21h-2-aout-2025\/","url_meta":{"origin":48596,"position":0},"title":"\u00ab\u00a0Une nuit \u00e0 l&rsquo;OP\u00c9RA\u00a0\u00bb, la sc\u00e8ne de l&rsquo;ancienne Gare de SEILLANS, en plein air 20h 2 ao\u00fbt 2025","author":"Jonathan Barker","date":"17\/04\/2025","format":false,"excerpt":"PUCCINI, BIZET, MOZART, VERDI-BRITTEN \u00ab\u00a0Une nuit \u00e0 l'OP\u00c9RA\u00a0\u00bb, sc\u00e8ne de l'ancienne Gare de SEILLANS, en plein air \u00e0 20\u00a0h le 2\u00a0ao\u00fbt\u00a02025, ouverture des portes \u00e0 18\u00a0h\u00a030 pour pique-niquer ou boire un verre, avec notre entracte habituel, avec vin et boissons non alcoolis\u00e9es. EXTRAITS D'OP\u00c9RA INTERPR\u00c9T\u00c9S PAR\u00a0: Soprano \u2013 Rebecca Hardwick,\u2026","rel":"","context":"Article similaire","block_context":{"text":"Article similaire","link":""},"img":{"alt_text":"","src":"https:\/\/i0.wp.com\/www.musique-cordiale.com\/wp-content\/uploads\/2025\/04\/IMG-20250417-WA00341-Seillans-Gare-2024-opera.jpg?fit=1200%2C546&ssl=1&resize=350%2C200","width":350,"height":200,"srcset":"https:\/\/i0.wp.com\/www.musique-cordiale.com\/wp-content\/uploads\/2025\/04\/IMG-20250417-WA00341-Seillans-Gare-2024-opera.jpg?fit=1200%2C546&ssl=1&resize=350%2C200 1x, https:\/\/i0.wp.com\/www.musique-cordiale.com\/wp-content\/uploads\/2025\/04\/IMG-20250417-WA00341-Seillans-Gare-2024-opera.jpg?fit=1200%2C546&ssl=1&resize=525%2C300 1.5x, https:\/\/i0.wp.com\/www.musique-cordiale.com\/wp-content\/uploads\/2025\/04\/IMG-20250417-WA00341-Seillans-Gare-2024-opera.jpg?fit=1200%2C546&ssl=1&resize=700%2C400 2x, https:\/\/i0.wp.com\/www.musique-cordiale.com\/wp-content\/uploads\/2025\/04\/IMG-20250417-WA00341-Seillans-Gare-2024-opera.jpg?fit=1200%2C546&ssl=1&resize=1050%2C600 3x"},"classes":[]},{"id":48346,"url":"https:\/\/www.musique-cordiale.com\/fr\/boutique-billetterie\/concert-orchestral-au-coucher-du-soleil-a-fayence-theatre-verdure-21h-5-aout-2025\/","url_meta":{"origin":48596,"position":1},"title":"\u00ab\u00a0S\u00e9r\u00e9nades d&rsquo;Amour\u00a0\u00bb\u00a0: Concert orchestral &#8211; avec airs &#8211; au coucher du soleil \u00e0 Fayence\u00a0: Th\u00e9\u00e2tre Verdure, 21\u00a0h, 5\u00a0ao\u00fbt\u00a02025","author":"Jonathan Barker","date":"10\/04\/2025","format":false,"excerpt":"\u00ab\u00a0S\u00e9r\u00e9nades d'amour\u00a0\u00bb \u2013\u00a0au lever de la lune dans le romantique amphith\u00e9\u00e2tre de Fayence\u00a0: Brahms, Elgar, Mendelssohn... et plus encore... 21h, Th\u00e9\u00e2tre de Verdure de Fayence Le grand concert orchestral du Festival dans le magnifique amphith\u00e9\u00e2tre en plein air de Fayence Mendelssohn \u2013 Ouverture des H\u00e9brides Elgar \u2013 S\u00e9r\u00e9nade pour cordes\u2026","rel":"","context":"Article similaire","block_context":{"text":"Article similaire","link":""},"img":{"alt_text":"","src":"https:\/\/i0.wp.com\/www.musique-cordiale.com\/wp-content\/uploads\/2023\/05\/Fayence-Verdure-concert-2019.jpg?fit=1200%2C583&ssl=1&resize=350%2C200","width":350,"height":200,"srcset":"https:\/\/i0.wp.com\/www.musique-cordiale.com\/wp-content\/uploads\/2023\/05\/Fayence-Verdure-concert-2019.jpg?fit=1200%2C583&ssl=1&resize=350%2C200 1x, https:\/\/i0.wp.com\/www.musique-cordiale.com\/wp-content\/uploads\/2023\/05\/Fayence-Verdure-concert-2019.jpg?fit=1200%2C583&ssl=1&resize=525%2C300 1.5x, https:\/\/i0.wp.com\/www.musique-cordiale.com\/wp-content\/uploads\/2023\/05\/Fayence-Verdure-concert-2019.jpg?fit=1200%2C583&ssl=1&resize=700%2C400 2x, https:\/\/i0.wp.com\/www.musique-cordiale.com\/wp-content\/uploads\/2023\/05\/Fayence-Verdure-concert-2019.jpg?fit=1200%2C583&ssl=1&resize=1050%2C600 3x"},"classes":[]},{"id":48594,"url":"https:\/\/www.musique-cordiale.com\/programme-tickets\/a-memorable-night-at-the-operaamong-the-trees-and-under-the-clock-tower-and-overlooking-the-chateau-and-the-distant-hills-of-the-var-wednesday-6-august-2025-9pm-place-de-lhorl\/","url_meta":{"origin":48596,"position":2},"title":"\u201cA memorable night at the OPERA\u201damong the trees and under the clock-tower &#8211; and overlooking the chateau and the distant hills of the Var, Wednesday 6 August 2025, 9PM, Place de l&rsquo;Horloge, TOURRETTES","author":"Jonathan Barker","date":"22\/04\/2025","format":false,"excerpt":"PUCCINI, BIZET, MOZART, VERDI, BRITTEN Our amazing line-up of Vocal Soloists: Rebecca Hardwick, soprano, Hannah Dienes-Williams, mezzo, Collin Shay, counter-tenor, Aidan Coburn, tenor, Patrick Alexander Keefe, Baritone with Rebecca Taylor, piano An evening of opera favourites from across the repertoire, brought together in this inventive new semi-staged production, first seen\u00a0\u2026","rel":"","context":"Article similaire","block_context":{"text":"Article similaire","link":""},"img":{"alt_text":"","src":"https:\/\/i0.wp.com\/www.musique-cordiale.com\/wp-content\/uploads\/2025\/04\/IMG-20250422-WA00031-Musique-Cordiale-Tourrettes-2025.jpg?fit=1049%2C1200&ssl=1&resize=350%2C200","width":350,"height":200,"srcset":"https:\/\/i0.wp.com\/www.musique-cordiale.com\/wp-content\/uploads\/2025\/04\/IMG-20250422-WA00031-Musique-Cordiale-Tourrettes-2025.jpg?fit=1049%2C1200&ssl=1&resize=350%2C200 1x, https:\/\/i0.wp.com\/www.musique-cordiale.com\/wp-content\/uploads\/2025\/04\/IMG-20250422-WA00031-Musique-Cordiale-Tourrettes-2025.jpg?fit=1049%2C1200&ssl=1&resize=525%2C300 1.5x, https:\/\/i0.wp.com\/www.musique-cordiale.com\/wp-content\/uploads\/2025\/04\/IMG-20250422-WA00031-Musique-Cordiale-Tourrettes-2025.jpg?fit=1049%2C1200&ssl=1&resize=700%2C400 2x"},"classes":[]},{"id":48409,"url":"https:\/\/www.musique-cordiale.com\/fr\/boutique-billetterie\/stabat-mater-du-dixit-dominus-de-pergolese-et-haendel-eglise-de-bagnols-en-foret-19h-4-aout-2025\/","url_meta":{"origin":48596,"position":3},"title":"Quatre Saisons et Dixit Dominus &#8211; interpr\u00e9t\u00e9s par les fabuleux solistes et orchestre de Musique-Cordiale, \u00e9glise de Bagnols-en-For\u00eat, 19h, le 4 ao\u00fbt 2025","author":"Jonathan Barker","date":"04\/04\/2025","format":false,"excerpt":"Les Quatre Saisons de Vivaldi et \u00ab Dixit Dominus \u00bb de Haendel + \u00ab Suite Abdelazar \u00bb de Purcell - Dixit Dominus est l'une des \u0153uvres les plus appr\u00e9ci\u00e9es de Haendel. Elle a \u00e9t\u00e9 interpr\u00e9t\u00e9e au fil des ans par Musique-Cordiale par des ch\u0153urs de diff\u00e9rentes tailles, dont une fois\u2026","rel":"","context":"Article similaire","block_context":{"text":"Article similaire","link":""},"img":{"alt_text":"","src":"https:\/\/i0.wp.com\/www.musique-cordiale.com\/wp-content\/uploads\/2023\/05\/Concert_in_Bagnols-en-Foret_France-scaled.jpg?fit=1200%2C800&ssl=1&resize=350%2C200","width":350,"height":200,"srcset":"https:\/\/i0.wp.com\/www.musique-cordiale.com\/wp-content\/uploads\/2023\/05\/Concert_in_Bagnols-en-Foret_France-scaled.jpg?fit=1200%2C800&ssl=1&resize=350%2C200 1x, https:\/\/i0.wp.com\/www.musique-cordiale.com\/wp-content\/uploads\/2023\/05\/Concert_in_Bagnols-en-Foret_France-scaled.jpg?fit=1200%2C800&ssl=1&resize=525%2C300 1.5x, https:\/\/i0.wp.com\/www.musique-cordiale.com\/wp-content\/uploads\/2023\/05\/Concert_in_Bagnols-en-Foret_France-scaled.jpg?fit=1200%2C800&ssl=1&resize=700%2C400 2x, https:\/\/i0.wp.com\/www.musique-cordiale.com\/wp-content\/uploads\/2023\/05\/Concert_in_Bagnols-en-Foret_France-scaled.jpg?fit=1200%2C800&ssl=1&resize=1050%2C600 3x"},"classes":[]},{"id":48310,"url":"https:\/\/www.musique-cordiale.com\/fr\/boutique-billetterie\/haydn-la-creation-avec-choeur-orchestre-et-solistes-eglise-saint-leger-seillans-10-aout-2025-19-h\/","url_meta":{"origin":48596,"position":4},"title":"Haydn \u00ab \u00ab\u00a0LA CR\u00c9ATION\u00a0\u00bb \u00bb avec ch\u0153ur, orchestre et notre incroyable programmation de solistes vocaux\u00a0: Concert de cl\u00f4ture du Festival, \u00c9glise Saint-L\u00e9ger, SEILLANS, 9 ao\u00fbt 2025, 19 h","author":"Jonathan Barker","date":"09\/04\/2025","format":false,"excerpt":"Haydn \"The Creation\" with choir, orchestra & soloists: Church of St Leger, SEILLANS, 9 August 2025, 7PM Interpr\u00e8tes\u00a0: Maestro \u2013 Graham Ross Soprano \u2013 Rebecca Hardwick Mezzo-soprano \u2013 Hannah Dienes-Williams T\u00e9nor \u2013 Aidan Coburn Baryton \u2013 Patrick Alexander Keefe Avec le Ch\u0153ur et l'Orchestre du Festival Musique-Cordiale L'oratorio retentissant de\u2026","rel":"","context":"Article similaire","block_context":{"text":"Article similaire","link":""},"img":{"alt_text":"","src":"https:\/\/i0.wp.com\/www.musique-cordiale.com\/wp-content\/uploads\/2025\/04\/from-the-little-book-of-Paddy-Lovely.jpg?fit=1200%2C866&ssl=1&resize=350%2C200","width":350,"height":200,"srcset":"https:\/\/i0.wp.com\/www.musique-cordiale.com\/wp-content\/uploads\/2025\/04\/from-the-little-book-of-Paddy-Lovely.jpg?fit=1200%2C866&ssl=1&resize=350%2C200 1x, https:\/\/i0.wp.com\/www.musique-cordiale.com\/wp-content\/uploads\/2025\/04\/from-the-little-book-of-Paddy-Lovely.jpg?fit=1200%2C866&ssl=1&resize=525%2C300 1.5x, https:\/\/i0.wp.com\/www.musique-cordiale.com\/wp-content\/uploads\/2025\/04\/from-the-little-book-of-Paddy-Lovely.jpg?fit=1200%2C866&ssl=1&resize=700%2C400 2x, https:\/\/i0.wp.com\/www.musique-cordiale.com\/wp-content\/uploads\/2025\/04\/from-the-little-book-of-Paddy-Lovely.jpg?fit=1200%2C866&ssl=1&resize=1050%2C600 3x"},"classes":[]},{"id":48340,"url":"https:\/\/www.musique-cordiale.com\/programme-tickets\/orchestral-concert-at-sundown-in-fayence-theatre-verdure-9pm-5-august-2025\/","url_meta":{"origin":48596,"position":5},"title":"\u00ab\u00a0Serenades of Love\u00a0\u00bb: Orchestral Concert &#8211; with Arias &#8211; at sundown in Fayence: Th\u00e9\u00e2tre Verdure, 9PM, 5 August 2025","author":"Jonathan Barker","date":"10\/04\/2025","format":false,"excerpt":"\"Serenades of Love\" \u2013\u00a0 to a rising moon in the romantic Fayence amphitheatre:\u00a0 Brahms, Elgar, Mendelssohn... and more... 9pm FAYENCE Theatre de Verdure The Festival\u2019s big orchestral concert in the stunning outdoor amphitheatre in Fayence Mendelssohn \u2013 Hebrides overture Elgar \u2013 Serenade for Strings Arias\/duets (to include\u2026) Puccini - O\u2026","rel":"","context":"Article similaire","block_context":{"text":"Article similaire","link":""},"img":{"alt_text":"","src":"https:\/\/i0.wp.com\/www.musique-cordiale.com\/wp-content\/uploads\/2023\/05\/Fayence-Verdure-concert-2019.jpg?fit=1200%2C583&ssl=1&resize=350%2C200","width":350,"height":200,"srcset":"https:\/\/i0.wp.com\/www.musique-cordiale.com\/wp-content\/uploads\/2023\/05\/Fayence-Verdure-concert-2019.jpg?fit=1200%2C583&ssl=1&resize=350%2C200 1x, https:\/\/i0.wp.com\/www.musique-cordiale.com\/wp-content\/uploads\/2023\/05\/Fayence-Verdure-concert-2019.jpg?fit=1200%2C583&ssl=1&resize=525%2C300 1.5x, https:\/\/i0.wp.com\/www.musique-cordiale.com\/wp-content\/uploads\/2023\/05\/Fayence-Verdure-concert-2019.jpg?fit=1200%2C583&ssl=1&resize=700%2C400 2x, https:\/\/i0.wp.com\/www.musique-cordiale.com\/wp-content\/uploads\/2023\/05\/Fayence-Verdure-concert-2019.jpg?fit=1200%2C583&ssl=1&resize=1050%2C600 3x"},"classes":[]}],"_links":{"self":[{"href":"https:\/\/www.musique-cordiale.com\/fr\/wp-json\/wp\/v2\/product\/48596","targetHints":{"allow":["GET"]}}],"collection":[{"href":"https:\/\/www.musique-cordiale.com\/fr\/wp-json\/wp\/v2\/product"}],"about":[{"href":"https:\/\/www.musique-cordiale.com\/fr\/wp-json\/wp\/v2\/types\/product"}],"wp:featuredmedia":[{"embeddable":true,"href":"https:\/\/www.musique-cordiale.com\/fr\/wp-json\/wp\/v2\/media\/48615"}],"wp:attachment":[{"href":"https:\/\/www.musique-cordiale.com\/fr\/wp-json\/wp\/v2\/media?parent=48596"}],"wp:term":[{"taxonomy":"product_brand","embeddable":true,"href":"https:\/\/www.musique-cordiale.com\/fr\/wp-json\/wp\/v2\/product_brand?post=48596"},{"taxonomy":"product_cat","embeddable":true,"href":"https:\/\/www.musique-cordiale.com\/fr\/wp-json\/wp\/v2\/product_cat?post=48596"},{"taxonomy":"product_tag","embeddable":true,"href":"https:\/\/www.musique-cordiale.com\/fr\/wp-json\/wp\/v2\/product_tag?post=48596"},{"taxonomy":"venue","embeddable":true,"href":"https:\/\/www.musique-cordiale.com\/fr\/wp-json\/wp\/v2\/venue?post=48596"}],"curies":[{"name":"wp","href":"https:\/\/api.w.org\/{rel}","templated":true}]}}