{"id":48673,"date":"2025-04-08T19:00:48","date_gmt":"2025-04-08T19:00:48","guid":{"rendered":"https:\/\/www.musique-cordiale.com\/programme-tickets\/concert-ensembles-instrumentaux-vibrants-le-virtuose-st-paul-en-foret-19h-le-8-aout-2025\/"},"modified":"2025-08-08T16:05:23","modified_gmt":"2025-08-08T16:05:23","slug":"concert-ensembles-instrumentaux-vibrants-le-virtuose-st-paul-en-foret-19h-le-8-aout-2025","status":"publish","type":"product","link":"https:\/\/www.musique-cordiale.com\/fr\/boutique-billetterie\/concert-ensembles-instrumentaux-vibrants-le-virtuose-st-paul-en-foret-19h-le-8-aout-2025\/","title":{"rendered":"Concert : Ensembles instrumentaux vibrants, \u00ab\u00a0Le Virtuose\u00a0\u00bb : St Paul-en-For\u00eat, Salle des f\u00eates Saint-Paul-en-For\u00eat (83440), 19h, le 8 ao\u00fbt 2025"},"content":{"rendered":"<p><strong>Concert du Festival Musique-Cordiale : \u00ab\u00a0Le Virtuose\u00a0\u00bb Salle des f\u00eates Saint-Paul-en-For\u00eat (83440) ATTENTION changement de lieu . <\/em><br \/>\n8 ao\u00fbt 2025, 19h, billets 0\u20ac-25\u20ac<\/strong><\/p>\n<p>&#8211; Debussy &#8211; Pr\u00e9lude \u00e0 l&rsquo;apr\u00e8s-midi d&rsquo;un faune<br \/>\n&#8211; Mozart \u2013 Quatuor de hautbois<br \/>\n-Ravel arr. Sherry Lewis &#8211; Pavane Pour un Infante D&rsquo;Enfant<br \/>\n-Ravel arr. Andrew Middleton &#8211; Histoires Naturelles<br \/>\n&#8211; Beethoven &#8211; Septuor<\/p>\n<p><strong><br \/>\nINTERPR\u00c8TES\u00a0:<\/strong><br \/>\nHautbois \u2013 Alex Franklin<br \/>\nMezzo-soprano &#8211; Hannah Dienes-Williams<br \/>\nL&rsquo;Orchestre du Festival Musique Cordiale<\/p>\n","protected":false},"excerpt":{"rendered":"<p><strong>Concert du Festival Musique-Cordiale : \u00ab\u00a0Le Virtuose\u00a0\u00bb Salle des f\u00eates Saint-Paul-en-For\u00eat (83440)ATTENTION changement de lieu <\/em><br \/>\n8 ao\u00fbt 2025, 19h, billets 0\u20ac-25\u20ac<\/strong><\/p>\n<p>&#8211; Debussy &#8211; Pr\u00e9lude \u00e0 l&rsquo;apr\u00e8s-midi d&rsquo;un faune<br \/>\n&#8211; Mozart \u2013 Quatuor de hautbois<br \/>\n-Ravel arr. Sherry Lewis &#8211; Pavane Pour un Infante D&rsquo;Enfant<br \/>\n-Ravel arr. Andrew Middleton &#8211; Histoires Naturelles<br \/>\n&#8211; Beethoven &#8211; Septuor<\/p>\n<p><strong><br \/>\nINTERPR\u00c8TES\u00a0:<\/strong><br \/>\nHautbois \u2013 Alex Franklin<br \/>\nMezzo-soprano &#8211; Hannah Dienes-Williams<br \/>\nL&rsquo;Orchestre du Festival Musique Cordiale<\/p>\n","protected":false},"featured_media":48680,"template":"","meta":{"_acf_changed":false,"_monsterinsights_skip_tracking":false,"_monsterinsights_sitenote_active":false,"_monsterinsights_sitenote_note":"","_monsterinsights_sitenote_category":0,"_uf_show_specific_survey":0,"_uf_disable_surveys":false,"advanced_seo_description":"","jetpack_seo_html_title":"","jetpack_seo_noindex":false},"product_brand":[],"product_cat":[495],"product_tag":[395],"venue":[589,156],"class_list":{"0":"post-48673","1":"product","2":"type-product","3":"status-publish","4":"has-post-thumbnail","6":"product_cat-festival-2025-fr","7":"product_tag-concert-fr","8":"venue-salle-des-fetes-saint-paul-en-foret-83440","9":"venue-eglise-saint-paul-st-paul-en-foret","11":"first","12":"instock","13":"shipping-taxable","14":"purchasable","15":"product-type-variable"},"acf":[],"jetpack_sharing_enabled":true,"jetpack-related-posts":[{"id":48667,"url":"https:\/\/www.musique-cordiale.com\/programme-tickets\/concert-vibrant-instrumental-ensembles-the-virtuoso-st-paul-en-foret-7pm-8-august-2025\/","url_meta":{"origin":48673,"position":0},"title":"Concert: Vibrant instrumental Ensembles, \u00ab\u00a0The Virtuoso\u00a0\u00bb: Salle des f\u00eates, Saint-Paul-en-For\u00eat (83440), 7PM, 8 August 2025","author":"Jonathan Barker","date":"08\/04\/2025","format":false,"excerpt":"Musique-Cordiale Festival concert: \"The Virtuoso\" Salle des f\u00eates Saint-Paul-en-For\u00eat (83440) (note change of venue) 8 August 2025, 7PM, tickets 0\u20ac-25\u20ac - Debussy - Pr\u00e9lude \u00e0 l'apr\u00e8s-midi d'un faune - Mozart \u2013 Oboe Quartet - Ravel arr. Sherry Lewis - Pavane Pour un Infante D'Enfant - Ravel arr. Andrew Middleton -\u2026","rel":"","context":"Article similaire","block_context":{"text":"Article similaire","link":""},"img":{"alt_text":"","src":"https:\/\/i0.wp.com\/www.musique-cordiale.com\/wp-content\/uploads\/2025\/04\/WhatsApp-Image-2025-04-23-at-18.02.36_c3163d21-Musique-Cordiale-concert-Saint-Paul.jpg?fit=1200%2C676&ssl=1&resize=350%2C200","width":350,"height":200,"srcset":"https:\/\/i0.wp.com\/www.musique-cordiale.com\/wp-content\/uploads\/2025\/04\/WhatsApp-Image-2025-04-23-at-18.02.36_c3163d21-Musique-Cordiale-concert-Saint-Paul.jpg?fit=1200%2C676&ssl=1&resize=350%2C200 1x, https:\/\/i0.wp.com\/www.musique-cordiale.com\/wp-content\/uploads\/2025\/04\/WhatsApp-Image-2025-04-23-at-18.02.36_c3163d21-Musique-Cordiale-concert-Saint-Paul.jpg?fit=1200%2C676&ssl=1&resize=525%2C300 1.5x, https:\/\/i0.wp.com\/www.musique-cordiale.com\/wp-content\/uploads\/2025\/04\/WhatsApp-Image-2025-04-23-at-18.02.36_c3163d21-Musique-Cordiale-concert-Saint-Paul.jpg?fit=1200%2C676&ssl=1&resize=700%2C400 2x, https:\/\/i0.wp.com\/www.musique-cordiale.com\/wp-content\/uploads\/2025\/04\/WhatsApp-Image-2025-04-23-at-18.02.36_c3163d21-Musique-Cordiale-concert-Saint-Paul.jpg?fit=1200%2C676&ssl=1&resize=1050%2C600 3x"},"classes":[]},{"id":15045,"url":"https:\/\/www.musique-cordiale.com\/fr\/boutique-billetterie\/concert-academie-et-orchestre-vendredi-4-aout\/","url_meta":{"origin":48673,"position":1},"title":"Concert Annuel Acad\u00e9mie et Orchestre","author":"Lyndsey","date":"17\/02\/2017","format":false,"excerpt":"Direction: James Lowe Jonathan Martindale,\u00a0violon Kiera Lyness,\u00a0soprano Debussy: Pr\u00e9lude \u00e0 \u00ab L\u2019apr\u00e8s-midi d\u2019un faune \u00bb Barber: Knoxville Summer of 1915 Beethoven: Symphony n\u00b0 2 Tchaikovsky: Concerto pour violon","rel":"","context":"Article similaire","block_context":{"text":"Article similaire","link":""},"img":{"alt_text":"","src":"https:\/\/i0.wp.com\/www.musique-cordiale.com\/wp-content\/uploads\/2015\/01\/CQ4A3928-Edit-scaled.jpg?fit=1200%2C800&ssl=1&resize=350%2C200","width":350,"height":200,"srcset":"https:\/\/i0.wp.com\/www.musique-cordiale.com\/wp-content\/uploads\/2015\/01\/CQ4A3928-Edit-scaled.jpg?fit=1200%2C800&ssl=1&resize=350%2C200 1x, https:\/\/i0.wp.com\/www.musique-cordiale.com\/wp-content\/uploads\/2015\/01\/CQ4A3928-Edit-scaled.jpg?fit=1200%2C800&ssl=1&resize=525%2C300 1.5x, https:\/\/i0.wp.com\/www.musique-cordiale.com\/wp-content\/uploads\/2015\/01\/CQ4A3928-Edit-scaled.jpg?fit=1200%2C800&ssl=1&resize=700%2C400 2x, https:\/\/i0.wp.com\/www.musique-cordiale.com\/wp-content\/uploads\/2015\/01\/CQ4A3928-Edit-scaled.jpg?fit=1200%2C800&ssl=1&resize=1050%2C600 3x"},"classes":[]},{"id":45605,"url":"https:\/\/www.musique-cordiale.com\/fr\/boutique-billetterie\/9-aout-2024-19h-vivaldi-4-saisons-haydn-mendelsson-poulenc-bagnols-en-foret\/","url_meta":{"origin":48673,"position":2},"title":"9 ao\u00fbt 2024, 19h: Vivaldi 4 Saisons, Haydn, Mendelsson &#038; Poulenc, Bagnols-en-For\u00eat","author":"Jonathan Barker","date":"20\/04\/2024","format":false,"excerpt":"Haydn Concerto en r\u00e9 majeur pour cor et amp; cordes, Peter Ryan, cor | Mendelssohn Quintette \u00e0 cordes n\u00b0 1 en la majeur | Poulenc Trio pour hautbois, basson et piano, Alex Franklin, hautbois | Jamie King, basson| Rebecca Taylor, piano| \u00a0-o- Vivaldi Les Quatre Saisons Oliver Cave, violon |","rel":"","context":"Article similaire","block_context":{"text":"Article similaire","link":""},"img":{"alt_text":"","src":"https:\/\/i0.wp.com\/www.musique-cordiale.com\/wp-content\/uploads\/2023\/05\/Concert_in_Bagnols-en-Foret_France-scaled.jpg?fit=1200%2C800&ssl=1&resize=350%2C200","width":350,"height":200,"srcset":"https:\/\/i0.wp.com\/www.musique-cordiale.com\/wp-content\/uploads\/2023\/05\/Concert_in_Bagnols-en-Foret_France-scaled.jpg?fit=1200%2C800&ssl=1&resize=350%2C200 1x, https:\/\/i0.wp.com\/www.musique-cordiale.com\/wp-content\/uploads\/2023\/05\/Concert_in_Bagnols-en-Foret_France-scaled.jpg?fit=1200%2C800&ssl=1&resize=525%2C300 1.5x, https:\/\/i0.wp.com\/www.musique-cordiale.com\/wp-content\/uploads\/2023\/05\/Concert_in_Bagnols-en-Foret_France-scaled.jpg?fit=1200%2C800&ssl=1&resize=700%2C400 2x, https:\/\/i0.wp.com\/www.musique-cordiale.com\/wp-content\/uploads\/2023\/05\/Concert_in_Bagnols-en-Foret_France-scaled.jpg?fit=1200%2C800&ssl=1&resize=1050%2C600 3x"},"classes":[]},{"id":39362,"url":"https:\/\/www.musique-cordiale.com\/fr\/boutique-billetterie\/6-august-2023-orchestral-concert\/","url_meta":{"origin":48673,"position":3},"title":"Concert d&rsquo;orchestre : Symphonies de Mozart &#038; Mahler, 20h","author":"Jonathan Barker","date":"24\/05\/2023","format":false,"excerpt":"MOZART: Concerto pour hautbois en Do Mejeur, David Hedley, hautbois | SIBELIUS: Valse Triste | MAHLER (arr. K. SIMON): Symphony No. 4, Chlo\u00eb Morgan, soprano | Direction: Graham Ross","rel":"","context":"Article similaire","block_context":{"text":"Article similaire","link":""},"img":{"alt_text":"","src":"https:\/\/i0.wp.com\/www.musique-cordiale.com\/wp-content\/uploads\/2019\/12\/WhatsApp-Image-2019-12-17-at-15.29.28.jpeg?fit=1200%2C583&ssl=1&resize=350%2C200","width":350,"height":200,"srcset":"https:\/\/i0.wp.com\/www.musique-cordiale.com\/wp-content\/uploads\/2019\/12\/WhatsApp-Image-2019-12-17-at-15.29.28.jpeg?fit=1200%2C583&ssl=1&resize=350%2C200 1x, https:\/\/i0.wp.com\/www.musique-cordiale.com\/wp-content\/uploads\/2019\/12\/WhatsApp-Image-2019-12-17-at-15.29.28.jpeg?fit=1200%2C583&ssl=1&resize=525%2C300 1.5x, https:\/\/i0.wp.com\/www.musique-cordiale.com\/wp-content\/uploads\/2019\/12\/WhatsApp-Image-2019-12-17-at-15.29.28.jpeg?fit=1200%2C583&ssl=1&resize=700%2C400 2x, https:\/\/i0.wp.com\/www.musique-cordiale.com\/wp-content\/uploads\/2019\/12\/WhatsApp-Image-2019-12-17-at-15.29.28.jpeg?fit=1200%2C583&ssl=1&resize=1050%2C600 3x"},"classes":[]},{"id":39144,"url":"https:\/\/www.musique-cordiale.com\/programme-tickets\/6-august-2023-orchestral-concert\/","url_meta":{"origin":48673,"position":4},"title":"Orchestral Concert in Seillans: Mozart &#038; Mahler symphonies with an interlude from Sibelius, 20h","author":"Jonathan Barker","date":"24\/05\/2023","format":false,"excerpt":"MOZART: Concerto pour hautbois en Do Mejeur, David Hedley, hautbois | SIBELIUS: Valse Triste | MAHLER (arr. K. SIMON): Symphony No. 4, Chlo\u00eb Morgan, soprano | Direction: Graham Ross","rel":"","context":"Article similaire","block_context":{"text":"Article similaire","link":""},"img":{"alt_text":"","src":"https:\/\/i0.wp.com\/www.musique-cordiale.com\/wp-content\/uploads\/2019\/12\/WhatsApp-Image-2019-12-17-at-15.29.28.jpeg?fit=1200%2C583&ssl=1&resize=350%2C200","width":350,"height":200,"srcset":"https:\/\/i0.wp.com\/www.musique-cordiale.com\/wp-content\/uploads\/2019\/12\/WhatsApp-Image-2019-12-17-at-15.29.28.jpeg?fit=1200%2C583&ssl=1&resize=350%2C200 1x, https:\/\/i0.wp.com\/www.musique-cordiale.com\/wp-content\/uploads\/2019\/12\/WhatsApp-Image-2019-12-17-at-15.29.28.jpeg?fit=1200%2C583&ssl=1&resize=525%2C300 1.5x, https:\/\/i0.wp.com\/www.musique-cordiale.com\/wp-content\/uploads\/2019\/12\/WhatsApp-Image-2019-12-17-at-15.29.28.jpeg?fit=1200%2C583&ssl=1&resize=700%2C400 2x, https:\/\/i0.wp.com\/www.musique-cordiale.com\/wp-content\/uploads\/2019\/12\/WhatsApp-Image-2019-12-17-at-15.29.28.jpeg?fit=1200%2C583&ssl=1&resize=1050%2C600 3x"},"classes":[]},{"id":14707,"url":"https:\/\/www.musique-cordiale.com\/programme-tickets\/academy-orchestra-concert-friday\/","url_meta":{"origin":48673,"position":5},"title":"Annual Academy &#038; Orchestra Concert","author":"Lyndsey","date":"17\/02\/2017","format":false,"excerpt":"Direction: James Lowe Jonathan Martindale,\u00a0violon Kiera Lyness,\u00a0soprano Debussy: Pr\u00e9lude \u00e0 \u00ab L\u2019apr\u00e8s-midi d\u2019un faune \u00bb Barber: Knoxville Summer of 1915 Beethoven: Symphony n\u00b0 2 Tchaikovsky: Concerto pour violon","rel":"","context":"Article similaire","block_context":{"text":"Article similaire","link":""},"img":{"alt_text":"","src":"https:\/\/i0.wp.com\/www.musique-cordiale.com\/wp-content\/uploads\/2015\/01\/CQ4A3928-Edit-scaled.jpg?fit=1200%2C800&ssl=1&resize=350%2C200","width":350,"height":200,"srcset":"https:\/\/i0.wp.com\/www.musique-cordiale.com\/wp-content\/uploads\/2015\/01\/CQ4A3928-Edit-scaled.jpg?fit=1200%2C800&ssl=1&resize=350%2C200 1x, https:\/\/i0.wp.com\/www.musique-cordiale.com\/wp-content\/uploads\/2015\/01\/CQ4A3928-Edit-scaled.jpg?fit=1200%2C800&ssl=1&resize=525%2C300 1.5x, https:\/\/i0.wp.com\/www.musique-cordiale.com\/wp-content\/uploads\/2015\/01\/CQ4A3928-Edit-scaled.jpg?fit=1200%2C800&ssl=1&resize=700%2C400 2x, https:\/\/i0.wp.com\/www.musique-cordiale.com\/wp-content\/uploads\/2015\/01\/CQ4A3928-Edit-scaled.jpg?fit=1200%2C800&ssl=1&resize=1050%2C600 3x"},"classes":[]}],"_links":{"self":[{"href":"https:\/\/www.musique-cordiale.com\/fr\/wp-json\/wp\/v2\/product\/48673","targetHints":{"allow":["GET"]}}],"collection":[{"href":"https:\/\/www.musique-cordiale.com\/fr\/wp-json\/wp\/v2\/product"}],"about":[{"href":"https:\/\/www.musique-cordiale.com\/fr\/wp-json\/wp\/v2\/types\/product"}],"wp:featuredmedia":[{"embeddable":true,"href":"https:\/\/www.musique-cordiale.com\/fr\/wp-json\/wp\/v2\/media\/48680"}],"wp:attachment":[{"href":"https:\/\/www.musique-cordiale.com\/fr\/wp-json\/wp\/v2\/media?parent=48673"}],"wp:term":[{"taxonomy":"product_brand","embeddable":true,"href":"https:\/\/www.musique-cordiale.com\/fr\/wp-json\/wp\/v2\/product_brand?post=48673"},{"taxonomy":"product_cat","embeddable":true,"href":"https:\/\/www.musique-cordiale.com\/fr\/wp-json\/wp\/v2\/product_cat?post=48673"},{"taxonomy":"product_tag","embeddable":true,"href":"https:\/\/www.musique-cordiale.com\/fr\/wp-json\/wp\/v2\/product_tag?post=48673"},{"taxonomy":"venue","embeddable":true,"href":"https:\/\/www.musique-cordiale.com\/fr\/wp-json\/wp\/v2\/venue?post=48673"}],"curies":[{"name":"wp","href":"https:\/\/api.w.org\/{rel}","templated":true}]}}