{"id":48773,"date":"2025-04-28T11:22:19","date_gmt":"2025-04-28T11:22:19","guid":{"rendered":"https:\/\/www.musique-cordiale.com\/programme-tickets\/6-heures-le-6-concert-gratuit-en-debut-de-soiree-amsterdam-jazz-dans-la-fraicheur-de-la-chapelle-saint-donat-en-contrebas-de-callian-mercredi-6-aout-18h\/"},"modified":"2025-05-12T10:08:39","modified_gmt":"2025-05-12T10:08:39","slug":"6-heures-le-6-concert-gratuit-en-debut-de-soiree-amsterdam-jazz-dans-la-fraicheur-de-la-chapelle-saint-donat-en-contrebas-de-callian-mercredi-6-aout-18h","status":"publish","type":"product","link":"https:\/\/www.musique-cordiale.com\/fr\/boutique-billetterie\/6-heures-le-6-concert-gratuit-en-debut-de-soiree-amsterdam-jazz-dans-la-fraicheur-de-la-chapelle-saint-donat-en-contrebas-de-callian-mercredi-6-aout-18h\/","title":{"rendered":"FREE &#038; FUN! CONCERT GRATUIT ET AMUSANT en d\u00e9but de soir\u00e9e : Amsterdam Jazz, dans la fra\u00eecheur de la Chapelle Saint-Donat, en contrebas de Callian, jeudi 5 ao\u00fbt, 18h"},"content":{"rendered":"<p><strong>Isla Van Hout<\/strong>, \u00e0 la voix suave, et <strong>Jetse de Jong<\/strong>, qui font preuve de rapidit\u00e9, de polyvalence et de talent au piano, avec un \u00ab\u00a0EXTRAIT GRATUIT\u00a0\u00bb avant le d\u00eener, avant de d\u00e9couvrir ce qu&rsquo;elles proposeront \u00e9galement sur une grande sc\u00e8ne le lendemain \u00e0 Seillans. Comme l&rsquo;ann\u00e9e derni\u00e8re, ce CONCERT DE JAZZ GRATUIT sera un incontournable cet \u00e9t\u00e9\u00a0! Et ces artistes avaient \u00e9t\u00e9 tr\u00e8s appr\u00e9ci\u00e9s lors de leur dernier concert \u00e0 Musique-Cordiale en 2019\u00a0!<\/p>\n","protected":false},"excerpt":{"rendered":"<p><strong>Isla Van Hout<\/strong>, \u00e0 la voix suave, et <strong>Jetse de Jong<\/strong>, qui font preuve de rapidit\u00e9, de polyvalence et de talent au piano, avec un \u00ab\u00a0EXTRAIT GRATUIT\u00a0\u00bb avant le d\u00eener, avant de d\u00e9couvrir ce qu&rsquo;elles proposeront \u00e9galement sur une grande sc\u00e8ne le lendemain \u00e0 Seillans. Comme l&rsquo;ann\u00e9e derni\u00e8re, ce CONCERT DE JAZZ GRATUIT sera un incontournable cet \u00e9t\u00e9\u00a0! Et ces artistes avaient \u00e9t\u00e9 tr\u00e8s appr\u00e9ci\u00e9s lors de leur dernier concert \u00e0 Musique-Cordiale en 2019\u00a0!<\/p>\n","protected":false},"featured_media":48987,"template":"","meta":{"_acf_changed":false,"_monsterinsights_skip_tracking":false,"_monsterinsights_sitenote_active":false,"_monsterinsights_sitenote_note":"","_monsterinsights_sitenote_category":0,"_uf_show_specific_survey":0,"_uf_disable_surveys":false,"advanced_seo_description":"","jetpack_seo_html_title":"","jetpack_seo_noindex":false},"product_brand":[],"product_cat":[495,542],"product_tag":[568,286],"venue":[254,392],"class_list":{"0":"post-48773","1":"product","2":"type-product","3":"status-publish","4":"has-post-thumbnail","6":"product_cat-festival-2025-fr","7":"product_cat-jazz-fr","8":"product_tag-concert-gratuit","9":"product_tag-jazz-ticket-billet","10":"venue-callian","11":"venue-chapelle-saint-donat","13":"first","14":"instock","15":"virtual","16":"purchasable","17":"product-type-simple"},"acf":[],"jetpack_sharing_enabled":true,"jetpack-related-posts":[{"id":48557,"url":"https:\/\/www.musique-cordiale.com\/fr\/boutique-billetterie\/isla-jetse-are-back-jazz-popular-songs-with-a-french-accent-bring-a-picnic-to-the-lovely-musical-scene-at-the-old-station-in-seillans-9pm-7-august-2025\/","url_meta":{"origin":48773,"position":0},"title":"Isla et Jetse sont de retour ! Jazz et chansons populaires avec un accent fran\u00e7ais : venez pique-niquer sur la charmante nouvelle sc\u00e8ne musicale de l&rsquo;ancienne gare de Seillans, le 7 ao\u00fbt 2025 \u00e0 21h.","author":"Jonathan Barker","date":"07\/04\/2025","format":false,"excerpt":"Isla van Hout is back, accompanied by the amazing jazz and boogie-woogie pianist, Jetse de Jong - by popular request from our audiences in Seillans! Gates open from 7:30PM: concerts begins 9PM. Bring your drinks and picnic and enjoy time with your friends in the ground before the concert and\u2026","rel":"","context":"Article similaire","block_context":{"text":"Article similaire","link":""},"img":{"alt_text":"","src":"https:\/\/i0.wp.com\/www.musique-cordiale.com\/wp-content\/uploads\/2025\/04\/WhatsApp-Image-2025-04-22-at-14.37.37_8ee7f22c-Jetse-and-Isla-2025.jpg?fit=1200%2C653&ssl=1&resize=350%2C200","width":350,"height":200,"srcset":"https:\/\/i0.wp.com\/www.musique-cordiale.com\/wp-content\/uploads\/2025\/04\/WhatsApp-Image-2025-04-22-at-14.37.37_8ee7f22c-Jetse-and-Isla-2025.jpg?fit=1200%2C653&ssl=1&resize=350%2C200 1x, https:\/\/i0.wp.com\/www.musique-cordiale.com\/wp-content\/uploads\/2025\/04\/WhatsApp-Image-2025-04-22-at-14.37.37_8ee7f22c-Jetse-and-Isla-2025.jpg?fit=1200%2C653&ssl=1&resize=525%2C300 1.5x, https:\/\/i0.wp.com\/www.musique-cordiale.com\/wp-content\/uploads\/2025\/04\/WhatsApp-Image-2025-04-22-at-14.37.37_8ee7f22c-Jetse-and-Isla-2025.jpg?fit=1200%2C653&ssl=1&resize=700%2C400 2x, https:\/\/i0.wp.com\/www.musique-cordiale.com\/wp-content\/uploads\/2025\/04\/WhatsApp-Image-2025-04-22-at-14.37.37_8ee7f22c-Jetse-and-Isla-2025.jpg?fit=1200%2C653&ssl=1&resize=1050%2C600 3x"},"classes":[]},{"id":48552,"url":"https:\/\/www.musique-cordiale.com\/programme-tickets\/isla-jetse-are-back-jazz-popular-songs-with-a-french-accent-bring-a-picnic-to-the-lovely-new-musical-scene-at-the-old-station-in-seillans-9pm-7-august-2025\/","url_meta":{"origin":48773,"position":1},"title":"Isla &#038; Jetse are back! Jazz &#038; popular songs with a French accent &#8211; bring a picnic to the lovely new musical scene at the old Station in Seillans, 9PM 7 August 2025","author":"Jonathan Barker","date":"07\/04\/2025","format":false,"excerpt":"Isla van Hout is back, accompanied by the amazing jazz and boogie-woogie pianist, Jetse de Jong - by popular request from our audiences in Seillans! Gates open from 7:30PM: concerts begins 9PM. Bring your drinks and picnic and enjoy time with your friends in the ground before the concert and\u2026","rel":"","context":"Article similaire","block_context":{"text":"Article similaire","link":""},"img":{"alt_text":"","src":"https:\/\/i0.wp.com\/www.musique-cordiale.com\/wp-content\/uploads\/2025\/04\/WhatsApp-Image-2025-04-22-at-14.37.37_8ee7f22c-Jetse-and-Isla-2025.jpg?fit=1200%2C653&ssl=1&resize=350%2C200","width":350,"height":200,"srcset":"https:\/\/i0.wp.com\/www.musique-cordiale.com\/wp-content\/uploads\/2025\/04\/WhatsApp-Image-2025-04-22-at-14.37.37_8ee7f22c-Jetse-and-Isla-2025.jpg?fit=1200%2C653&ssl=1&resize=350%2C200 1x, https:\/\/i0.wp.com\/www.musique-cordiale.com\/wp-content\/uploads\/2025\/04\/WhatsApp-Image-2025-04-22-at-14.37.37_8ee7f22c-Jetse-and-Isla-2025.jpg?fit=1200%2C653&ssl=1&resize=525%2C300 1.5x, https:\/\/i0.wp.com\/www.musique-cordiale.com\/wp-content\/uploads\/2025\/04\/WhatsApp-Image-2025-04-22-at-14.37.37_8ee7f22c-Jetse-and-Isla-2025.jpg?fit=1200%2C653&ssl=1&resize=700%2C400 2x, https:\/\/i0.wp.com\/www.musique-cordiale.com\/wp-content\/uploads\/2025\/04\/WhatsApp-Image-2025-04-22-at-14.37.37_8ee7f22c-Jetse-and-Isla-2025.jpg?fit=1200%2C653&ssl=1&resize=1050%2C600 3x"},"classes":[]},{"id":23301,"url":"https:\/\/www.musique-cordiale.com\/programme-tickets\/billet-soiree-de-jazz-et-classique-en-pleine-aire-saturday-10-august-2019-place-du-valat-seillans\/","url_meta":{"origin":48773,"position":2},"title":"TICKET: Soir\u00e9e de Jazz et Cross-over Classics en pleine aire, Saturday 10 August 2019, Place du Valat, Seillans","author":"Jonathan Barker","date":"26\/03\/2019","format":false,"excerpt":"Samedi 10 ao\u00fbt 21.00 Seillans Place du Valat Soir\u00e9e de Jazz et Cross-over Classics - en pleine aire MOZART Quintette pour piano et vents \"It don't mean a thing if it ain't got that swing\" (Jetse de Jong \u00a0- piano - avec Isla van Hout - voix)","rel":"","context":"Article similaire","block_context":{"text":"Article similaire","link":""},"img":{"alt_text":"","src":"https:\/\/i0.wp.com\/www.musique-cordiale.com\/wp-content\/uploads\/2019\/03\/CQ4A4060-scaled.jpg?fit=1200%2C770&ssl=1&resize=350%2C200","width":350,"height":200,"srcset":"https:\/\/i0.wp.com\/www.musique-cordiale.com\/wp-content\/uploads\/2019\/03\/CQ4A4060-scaled.jpg?fit=1200%2C770&ssl=1&resize=350%2C200 1x, https:\/\/i0.wp.com\/www.musique-cordiale.com\/wp-content\/uploads\/2019\/03\/CQ4A4060-scaled.jpg?fit=1200%2C770&ssl=1&resize=525%2C300 1.5x, https:\/\/i0.wp.com\/www.musique-cordiale.com\/wp-content\/uploads\/2019\/03\/CQ4A4060-scaled.jpg?fit=1200%2C770&ssl=1&resize=700%2C400 2x, https:\/\/i0.wp.com\/www.musique-cordiale.com\/wp-content\/uploads\/2019\/03\/CQ4A4060-scaled.jpg?fit=1200%2C770&ssl=1&resize=1050%2C600 3x"},"classes":[]},{"id":48771,"url":"https:\/\/www.musique-cordiale.com\/programme-tickets\/6pm-on-the-6th-free-early-evening-concert-amsterdam-jazz-in-the-cool-of-chapelle-saint-donat-below-callian-wed-6-august\/","url_meta":{"origin":48773,"position":3},"title":"GRATUIT &#8211; FREE &#038; FUN! early evening CONCERT: Amsterdam Jazz, in the cool of Chapelle Saint-Donat below Callian, Tue 5 August","author":"Jonathan Barker","date":"28\/04\/2025","format":false,"excerpt":"Isla Van Hout, with her silky voice, & Jetse de Jong, exhibiting speed, versatility and talent on the piano, with an exciting pre-dinner 'FREE SAMPLE' of what they will also offer on a big stage the next day in Seillans. Like last year, this FREE JAZZ CONCERT will prove to\u2026","rel":"","context":"Article similaire","block_context":{"text":"Article similaire","link":""},"img":{"alt_text":"","src":"https:\/\/i0.wp.com\/www.musique-cordiale.com\/wp-content\/uploads\/2025\/04\/WhatsApp-Image-2025-05-06-at-14.30.08_cbd15dc5-Jetse-Isla-2.jpg?fit=1200%2C524&ssl=1&resize=350%2C200","width":350,"height":200,"srcset":"https:\/\/i0.wp.com\/www.musique-cordiale.com\/wp-content\/uploads\/2025\/04\/WhatsApp-Image-2025-05-06-at-14.30.08_cbd15dc5-Jetse-Isla-2.jpg?fit=1200%2C524&ssl=1&resize=350%2C200 1x, https:\/\/i0.wp.com\/www.musique-cordiale.com\/wp-content\/uploads\/2025\/04\/WhatsApp-Image-2025-05-06-at-14.30.08_cbd15dc5-Jetse-Isla-2.jpg?fit=1200%2C524&ssl=1&resize=525%2C300 1.5x, https:\/\/i0.wp.com\/www.musique-cordiale.com\/wp-content\/uploads\/2025\/04\/WhatsApp-Image-2025-05-06-at-14.30.08_cbd15dc5-Jetse-Isla-2.jpg?fit=1200%2C524&ssl=1&resize=700%2C400 2x, https:\/\/i0.wp.com\/www.musique-cordiale.com\/wp-content\/uploads\/2025\/04\/WhatsApp-Image-2025-05-06-at-14.30.08_cbd15dc5-Jetse-Isla-2.jpg?fit=1200%2C524&ssl=1&resize=1050%2C600 3x"},"classes":[]},{"id":23304,"url":"https:\/\/www.musique-cordiale.com\/fr\/boutique-billetterie\/billet-soiree-de-jazz-et-classique-en-pleine-aire-saturday-10-august-2019-place-du-valat-seillans\/","url_meta":{"origin":48773,"position":4},"title":"BILLET: Soir\u00e9e de Jazz et Cross-over Classics en pleine aire, samedi 10 ao\u00fbt 2019, Place du Valat, Seillans","author":"Jonathan Barker","date":"26\/03\/2019","format":false,"excerpt":"Samedi 10 ao\u00fbt 21.00 Seillans Place du Valat Soir\u00e9e de Jazz et Cross-over Classics - en pleine aire MOZART Quintette pour piano et vents \"It don't mean a thing if it ain't got that swing\" (Jetse de Jong \u00a0- piano - avec Isla van Hout - voix)","rel":"","context":"Article similaire","block_context":{"text":"Article similaire","link":""},"img":{"alt_text":"","src":"https:\/\/i0.wp.com\/www.musique-cordiale.com\/wp-content\/uploads\/2019\/03\/CQ4A4060-scaled.jpg?fit=1200%2C770&ssl=1&resize=350%2C200","width":350,"height":200,"srcset":"https:\/\/i0.wp.com\/www.musique-cordiale.com\/wp-content\/uploads\/2019\/03\/CQ4A4060-scaled.jpg?fit=1200%2C770&ssl=1&resize=350%2C200 1x, https:\/\/i0.wp.com\/www.musique-cordiale.com\/wp-content\/uploads\/2019\/03\/CQ4A4060-scaled.jpg?fit=1200%2C770&ssl=1&resize=525%2C300 1.5x, https:\/\/i0.wp.com\/www.musique-cordiale.com\/wp-content\/uploads\/2019\/03\/CQ4A4060-scaled.jpg?fit=1200%2C770&ssl=1&resize=700%2C400 2x, https:\/\/i0.wp.com\/www.musique-cordiale.com\/wp-content\/uploads\/2019\/03\/CQ4A4060-scaled.jpg?fit=1200%2C770&ssl=1&resize=1050%2C600 3x"},"classes":[]},{"id":44911,"url":"https:\/\/www.musique-cordiale.com\/fr\/boutique-billetterie\/concert-fund-raiser-to-launch-the-2024-festival\/","url_meta":{"origin":48773,"position":5},"title":"30 juillet 2024, 19h: Concert et &lsquo;SOIR\u00c9E MUSICALE&rsquo; pour lancer le Festival Musique-Cordiale 2024: Musique, Vin et d\u00e9licieux ap\u00e9ritif dinatoire","author":"Jonathan Barker","date":"31\/03\/2024","format":false,"excerpt":"Rebecca Hardwick, soprano | Aidan Coburn, t\u00e9nor | Rebecca Taylor, piano | Will Harris, violoncelle | James Heathcote, violoncelle | Les musiciens du Festival 2024 |Concert de Gala et D\u00eener dans le cadre champ\u00eatre du Domaine Val d\u2019Iris pour la pr\u00e9sentation de nos merveilleux artistes qui se produiront au cours\u2026","rel":"","context":"Article similaire","block_context":{"text":"Article similaire","link":""},"img":{"alt_text":"","src":"https:\/\/i0.wp.com\/www.musique-cordiale.com\/wp-content\/uploads\/2019\/03\/Van-dIris-concert-20140804_195100-scaled.jpg?fit=1200%2C675&ssl=1&resize=350%2C200","width":350,"height":200,"srcset":"https:\/\/i0.wp.com\/www.musique-cordiale.com\/wp-content\/uploads\/2019\/03\/Van-dIris-concert-20140804_195100-scaled.jpg?fit=1200%2C675&ssl=1&resize=350%2C200 1x, https:\/\/i0.wp.com\/www.musique-cordiale.com\/wp-content\/uploads\/2019\/03\/Van-dIris-concert-20140804_195100-scaled.jpg?fit=1200%2C675&ssl=1&resize=525%2C300 1.5x, https:\/\/i0.wp.com\/www.musique-cordiale.com\/wp-content\/uploads\/2019\/03\/Van-dIris-concert-20140804_195100-scaled.jpg?fit=1200%2C675&ssl=1&resize=700%2C400 2x, https:\/\/i0.wp.com\/www.musique-cordiale.com\/wp-content\/uploads\/2019\/03\/Van-dIris-concert-20140804_195100-scaled.jpg?fit=1200%2C675&ssl=1&resize=1050%2C600 3x"},"classes":[]}],"_links":{"self":[{"href":"https:\/\/www.musique-cordiale.com\/fr\/wp-json\/wp\/v2\/product\/48773","targetHints":{"allow":["GET"]}}],"collection":[{"href":"https:\/\/www.musique-cordiale.com\/fr\/wp-json\/wp\/v2\/product"}],"about":[{"href":"https:\/\/www.musique-cordiale.com\/fr\/wp-json\/wp\/v2\/types\/product"}],"wp:featuredmedia":[{"embeddable":true,"href":"https:\/\/www.musique-cordiale.com\/fr\/wp-json\/wp\/v2\/media\/48987"}],"wp:attachment":[{"href":"https:\/\/www.musique-cordiale.com\/fr\/wp-json\/wp\/v2\/media?parent=48773"}],"wp:term":[{"taxonomy":"product_brand","embeddable":true,"href":"https:\/\/www.musique-cordiale.com\/fr\/wp-json\/wp\/v2\/product_brand?post=48773"},{"taxonomy":"product_cat","embeddable":true,"href":"https:\/\/www.musique-cordiale.com\/fr\/wp-json\/wp\/v2\/product_cat?post=48773"},{"taxonomy":"product_tag","embeddable":true,"href":"https:\/\/www.musique-cordiale.com\/fr\/wp-json\/wp\/v2\/product_tag?post=48773"},{"taxonomy":"venue","embeddable":true,"href":"https:\/\/www.musique-cordiale.com\/fr\/wp-json\/wp\/v2\/venue?post=48773"}],"curies":[{"name":"wp","href":"https:\/\/api.w.org\/{rel}","templated":true}]}}