{"id":48982,"date":"2025-05-06T13:09:57","date_gmt":"2025-05-06T13:09:57","guid":{"rendered":"https:\/\/www.musique-cordiale.com\/programme-tickets\/possible-extra-performance-of-haydns-creation-in-nearby-canton-of-dracenie-7pm-7-august-2025\/"},"modified":"2025-08-07T07:29:25","modified_gmt":"2025-08-07T07:29:25","slug":"possible-extra-performance-of-haydns-creation-in-nearby-canton-of-dracenie-7pm-7-august-2025","status":"publish","type":"product","link":"https:\/\/www.musique-cordiale.com\/fr\/boutique-billetterie\/possible-extra-performance-of-haydns-creation-in-nearby-canton-of-dracenie-7pm-7-august-2025\/","title":{"rendered":"Premi\u00e8re repr\u00e9sentation de la CR\u00c9ATION de Haydn \u00e0 l&rsquo;\u00c9glise de CLAVIERS, 19h, le 7 ao\u00fbt 2025"},"content":{"rendered":"<p><em><\/p>\n<p>Nous pouvons d\u00e9sormais confirmer le lieu de la repr\u00e9sentation dans la charmante \u00e9glise de Claviers, gr\u00e2ce \u00e0 M. Le Maire.<\/p>\n<p><\/em><\/p>\n<p><strong>Premi\u00e8re repr\u00e9sentation de cet oratorio retentissant au Festival 2025<\/strong><br \/>\n<em>Chef d&rsquo;orchestre\u00a0: Graham Ross<\/em><\/p>\n<p><span class=\"NA6bn UiGGAb ILfuVd\" lang=\"en\"><span class=\"hgKElc\">Haydn acheva \u00ab\u00a0La Cr\u00e9ation\u00a0\u00bb en 1798, pr\u00e8s de sept ans apr\u00e8s la mort de son ami Mozart. Consid\u00e9r\u00e9 par beaucoup comme l&rsquo;un de ses chefs-d&rsquo;\u0153uvre, cet oratorio d\u00e9peint et c\u00e9l\u00e8bre une version largement r\u00e9pandue de la \u00ab\u00a0cr\u00e9ation du monde\u00a0\u00bb telle que relat\u00e9e dans le Livre de la Gen\u00e8se. L&rsquo;un des moments les plus c\u00e9l\u00e8bres de La Cr\u00e9ation de Haydn est celui o\u00f9 le ch\u0153ur chante : <b>\u00ab Et la lumi\u00e8re fut \u00bb.<\/b><\/span><\/span><\/p>\n<p>L&rsquo;\u0153uvre est structur\u00e9e en trois parties et \u00e9crite pour soprano, t\u00e9nor et basse solistes, ch\u0153ur et orchestre symphonique. Dans les parties I et II, consacr\u00e9es \u00e0 la cr\u00e9ation, les solistes repr\u00e9sentent les archanges Rapha\u00ebl (basse), Uriel (t\u00e9nor) et Gabriel (soprano). Dans la partie III, la basse et la soprano repr\u00e9sentent Adam et \u00c8ve.<\/p>\n<p>La premi\u00e8re repr\u00e9sentation publique a eu lieu \u00e0 Vienne, au vieux <a title=\"Burgtheater\" href=\"https:\/\/en.wikipedia.org\/wiki\/Burgtheater\">Burgtheater<\/a>, le 19 mars 1799. L&rsquo;oratorio a \u00e9t\u00e9 publi\u00e9 avec le texte en allemand et en anglais en 1800.<\/p>\n<p>Le ch\u0153ur et L&rsquo;orchestre a interpr\u00e9t\u00e9 cette \u0153uvre pour la derni\u00e8re fois en allemand lors du festival 2018\u00a0: <i lang=\"de\"><b>Die Sch\u00f6pfung<\/b>. Cette fois, elle sera chant\u00e9e en anglais.<\/i><\/p>\n<p><strong>Il y aura un entracte (rafra\u00eechissements inclus) entre les parties 1 et 2, ainsi qu&rsquo;une br\u00e8ve pause entre les parties 2 et 3.<br \/>\n<\/strong><\/p>\n<p><strong>INTERPR\u00c8TES\u00a0:<\/strong><br \/>\nMaestro\u00a0: Graham Ross<br \/>\nSoprano\u00a0: Rebecca Hardwick<br \/>\nMezzo-soprano\u00a0: Hannah Dienes-Williams<br \/>\nT\u00e9nor\u00a0: Aidan Coburn<br \/>\nBaryton\u00a0: Patrick Alexander Keefe<br \/>\nCh\u0153ur et Orchestre de Musique Cordiale<\/p>\n<p><em><\/p>\n<p><em>Cette \u0153uvre sera \u00e0 nouveau interpr\u00e9t\u00e9e lors du concert de cl\u00f4ture du festival \u00e0 Seillans, le samedi 9 ao\u00fbt.<\/em><br \/><\/em><br \/>\n&nbsp;<\/p>\n<p>&nbsp;<\/p>\n","protected":false},"excerpt":{"rendered":"<p><strong>Premi\u00e8re repr\u00e9sentation de cet oratorio retentissant au Festival 2025<\/strong><br \/>\n<em>Chef d&rsquo;orchestre\u00a0: Graham Ross<\/em><br \/>\nLe ch\u0153ur et l&rsquo;orchestre ont interpr\u00e9t\u00e9 cette \u0153uvre pour la derni\u00e8re fois en allemand au Festival 2018\u00a0: <i lang=\"de\"><b>Die Sch\u00f6pfung<\/b>. Cette fois, elle sera chant\u00e9e en anglais.<\/i><\/p>\n<p><strong>Il y aura un entracte (rafra\u00eechissements inclus) entre les parties 1 et 2, ainsi qu&rsquo;une br\u00e8ve pause entre les parties 2 et 3. 3e partie.<br \/>\n<\/strong><\/p>\n<p><strong>INTERPR\u00c8TES\u00a0:<\/strong><br \/>\nMaestro\u00a0: Graham Ross, <\/p>\n<p><strong>Notre incroyable programmation de solistes vocaux<\/strong>\u00a0:<br \/>\nSoprano\u00a0: Rebecca Hardwick,<br \/>\nMezzo-soprano\u00a0: Hannah Dienes-Williams,<br \/>\nT\u00e9nor\u00a0: Aidan Coburn,<br \/>\nBaryton\u00a0: Patrick Alexander Keefe,<br \/>\n<strong>Ch\u0153ur et orchestre du Festival de Musique Cordiale<\/strong><\/p>\n<p>&nbsp;<\/p>\n","protected":false},"featured_media":15672,"template":"","meta":{"_acf_changed":false,"_monsterinsights_skip_tracking":false,"_monsterinsights_sitenote_active":false,"_monsterinsights_sitenote_note":"","_monsterinsights_sitenote_category":0,"_uf_show_specific_survey":0,"_uf_disable_surveys":false,"advanced_seo_description":"","jetpack_seo_html_title":"","jetpack_seo_noindex":false},"product_brand":[],"product_cat":[275,495],"product_tag":[577,576],"venue":[239,152],"class_list":{"0":"post-48982","1":"product","2":"type-product","3":"status-publish","4":"has-post-thumbnail","6":"product_cat-billet-varies-fr","7":"product_cat-festival-2025-fr","8":"product_tag-chorale-fr","9":"product_tag-oratorio-fr","10":"venue-claviers","11":"venue-eglise-saint-sylvestre","13":"first","14":"instock","15":"shipping-taxable","16":"purchasable","17":"product-type-variable"},"acf":[],"jetpack_sharing_enabled":true,"jetpack-related-posts":[{"id":48310,"url":"https:\/\/www.musique-cordiale.com\/fr\/boutique-billetterie\/haydn-la-creation-avec-choeur-orchestre-et-solistes-eglise-saint-leger-seillans-10-aout-2025-19-h\/","url_meta":{"origin":48982,"position":0},"title":"Haydn \u00ab \u00ab\u00a0LA CR\u00c9ATION\u00a0\u00bb \u00bb avec ch\u0153ur, orchestre et notre incroyable programmation de solistes vocaux\u00a0: Concert de cl\u00f4ture du Festival, \u00c9glise Saint-L\u00e9ger, SEILLANS, 9 ao\u00fbt 2025, 19 h","author":"Jonathan Barker","date":"09\/04\/2025","format":false,"excerpt":"Haydn \"The Creation\" with choir, orchestra & soloists: Church of St Leger, SEILLANS, 9 August 2025, 7PM Interpr\u00e8tes\u00a0: Maestro \u2013 Graham Ross Soprano \u2013 Rebecca Hardwick Mezzo-soprano \u2013 Hannah Dienes-Williams T\u00e9nor \u2013 Aidan Coburn Baryton \u2013 Patrick Alexander Keefe Avec le Ch\u0153ur et l'Orchestre du Festival Musique-Cordiale L'oratorio retentissant de\u2026","rel":"","context":"Article similaire","block_context":{"text":"Article similaire","link":""},"img":{"alt_text":"","src":"https:\/\/i0.wp.com\/www.musique-cordiale.com\/wp-content\/uploads\/2025\/04\/from-the-little-book-of-Paddy-Lovely.jpg?fit=1200%2C866&ssl=1&resize=350%2C200","width":350,"height":200,"srcset":"https:\/\/i0.wp.com\/www.musique-cordiale.com\/wp-content\/uploads\/2025\/04\/from-the-little-book-of-Paddy-Lovely.jpg?fit=1200%2C866&ssl=1&resize=350%2C200 1x, https:\/\/i0.wp.com\/www.musique-cordiale.com\/wp-content\/uploads\/2025\/04\/from-the-little-book-of-Paddy-Lovely.jpg?fit=1200%2C866&ssl=1&resize=525%2C300 1.5x, https:\/\/i0.wp.com\/www.musique-cordiale.com\/wp-content\/uploads\/2025\/04\/from-the-little-book-of-Paddy-Lovely.jpg?fit=1200%2C866&ssl=1&resize=700%2C400 2x, https:\/\/i0.wp.com\/www.musique-cordiale.com\/wp-content\/uploads\/2025\/04\/from-the-little-book-of-Paddy-Lovely.jpg?fit=1200%2C866&ssl=1&resize=1050%2C600 3x"},"classes":[]},{"id":19777,"url":"https:\/\/www.musique-cordiale.com\/fr\/boutique-billetterie\/oratorio-a-bargemon-les-saisons-de-haydn-en-allemand-jeudi-9-aout-2018\/","url_meta":{"origin":48982,"position":1},"title":"Oratorio \u00e0 Bargemon: &lsquo;DIE JAHRESZEITEN&rsquo; &#8211; Les Saisons de Haydn (en allemand)","author":"Jonathan Barker","date":"17\/02\/2017","format":false,"excerpt":"avec choeur, orchestre & solists Graham Ross, direction Dima Bawab, soprano Julian Gregory, tenor Tristan Hambleton, basse Le Choeur & l'Orchestre du Festival Musique Cordiale","rel":"","context":"Article similaire","block_context":{"text":"Article similaire","link":""},"img":{"alt_text":"","src":"https:\/\/i0.wp.com\/www.musique-cordiale.com\/wp-content\/uploads\/2017\/03\/choir-and-orchestra-with-Graham-Ross.jpg?fit=1200%2C600&ssl=1&resize=350%2C200","width":350,"height":200,"srcset":"https:\/\/i0.wp.com\/www.musique-cordiale.com\/wp-content\/uploads\/2017\/03\/choir-and-orchestra-with-Graham-Ross.jpg?fit=1200%2C600&ssl=1&resize=350%2C200 1x, https:\/\/i0.wp.com\/www.musique-cordiale.com\/wp-content\/uploads\/2017\/03\/choir-and-orchestra-with-Graham-Ross.jpg?fit=1200%2C600&ssl=1&resize=525%2C300 1.5x, https:\/\/i0.wp.com\/www.musique-cordiale.com\/wp-content\/uploads\/2017\/03\/choir-and-orchestra-with-Graham-Ross.jpg?fit=1200%2C600&ssl=1&resize=700%2C400 2x, https:\/\/i0.wp.com\/www.musique-cordiale.com\/wp-content\/uploads\/2017\/03\/choir-and-orchestra-with-Graham-Ross.jpg?fit=1200%2C600&ssl=1&resize=1050%2C600 3x"},"classes":[]},{"id":19792,"url":"https:\/\/www.musique-cordiale.com\/fr\/boutique-billetterie\/billet-standard-concert-de-cloture-du-festival-les-saisons-de-haydn-en-allemand-samedi-11-aout-2018\/","url_meta":{"origin":48982,"position":2},"title":"Concert de cl\u00f4ture du festival: Oratorio DIE JAHRESZEITEN &#8211; Les Saisons de Haydn (en Allemand)","author":"Jonathan Barker","date":"25\/03\/2018","format":false,"excerpt":"Haydn : Oratorio avec orchestre et solistes \u201c Les Saisons\u201d (Die Jahreszeiten) Le choeur et l'orchestre du Festival Musique Cordiale avec solistes Direction: Graham Ross Dima Bawab,\u00a0soprano Julian Gregory,\u00a0t\u00e9nor Tristan Hambleton,\u00a0bass d\u00eener disponible aux membres apr\u00e9s le concert (pour l'acheter et r\u00e9server,vois ici)","rel":"","context":"Article similaire","block_context":{"text":"Article similaire","link":""},"img":{"alt_text":"","src":"https:\/\/i0.wp.com\/www.musique-cordiale.com\/wp-content\/uploads\/2011\/03\/2016-08-13-22.12.31-1-scaled.jpg?fit=1200%2C675&ssl=1&resize=350%2C200","width":350,"height":200,"srcset":"https:\/\/i0.wp.com\/www.musique-cordiale.com\/wp-content\/uploads\/2011\/03\/2016-08-13-22.12.31-1-scaled.jpg?fit=1200%2C675&ssl=1&resize=350%2C200 1x, https:\/\/i0.wp.com\/www.musique-cordiale.com\/wp-content\/uploads\/2011\/03\/2016-08-13-22.12.31-1-scaled.jpg?fit=1200%2C675&ssl=1&resize=525%2C300 1.5x, https:\/\/i0.wp.com\/www.musique-cordiale.com\/wp-content\/uploads\/2011\/03\/2016-08-13-22.12.31-1-scaled.jpg?fit=1200%2C675&ssl=1&resize=700%2C400 2x, https:\/\/i0.wp.com\/www.musique-cordiale.com\/wp-content\/uploads\/2011\/03\/2016-08-13-22.12.31-1-scaled.jpg?fit=1200%2C675&ssl=1&resize=1050%2C600 3x"},"classes":[]},{"id":48977,"url":"https:\/\/www.musique-cordiale.com\/programme-tickets\/possible-extra-performance-of-haydns-creation-in-nearby-canton-of-dracenie-7pm-7-august-2025\/","url_meta":{"origin":48982,"position":3},"title":"First performance of Haydn&rsquo;s CREATION in l&rsquo;\u00c9glise de CLAVIERS, 7PM, 7 August 2025","author":"Jonathan Barker","date":"06\/05\/2025","format":false,"excerpt":"Initial performance of this resounding oratorio in the 2025 Festival conductor: Graham Ross The choir & orchestra last performed this work in German at the 2018 festival: Die Sch\u00f6pfung. This time it will be sung in English. There will be one interval (including refreshments) between parts 1 and 2 -\u2026","rel":"","context":"Article similaire","block_context":{"text":"Article similaire","link":""},"img":{"alt_text":"[:en]Claviers Concert Baroque[:]","src":"https:\/\/i0.wp.com\/www.musique-cordiale.com\/wp-content\/uploads\/2015\/01\/Claviers7-scaled.jpg?fit=1200%2C1098&ssl=1&resize=350%2C200","width":350,"height":200,"srcset":"https:\/\/i0.wp.com\/www.musique-cordiale.com\/wp-content\/uploads\/2015\/01\/Claviers7-scaled.jpg?fit=1200%2C1098&ssl=1&resize=350%2C200 1x, https:\/\/i0.wp.com\/www.musique-cordiale.com\/wp-content\/uploads\/2015\/01\/Claviers7-scaled.jpg?fit=1200%2C1098&ssl=1&resize=525%2C300 1.5x, https:\/\/i0.wp.com\/www.musique-cordiale.com\/wp-content\/uploads\/2015\/01\/Claviers7-scaled.jpg?fit=1200%2C1098&ssl=1&resize=700%2C400 2x, https:\/\/i0.wp.com\/www.musique-cordiale.com\/wp-content\/uploads\/2015\/01\/Claviers7-scaled.jpg?fit=1200%2C1098&ssl=1&resize=1050%2C600 3x"},"classes":[]},{"id":48409,"url":"https:\/\/www.musique-cordiale.com\/fr\/boutique-billetterie\/stabat-mater-du-dixit-dominus-de-pergolese-et-haendel-eglise-de-bagnols-en-foret-19h-4-aout-2025\/","url_meta":{"origin":48982,"position":4},"title":"Quatre Saisons et Dixit Dominus &#8211; interpr\u00e9t\u00e9s par les fabuleux solistes et orchestre de Musique-Cordiale, \u00e9glise de Bagnols-en-For\u00eat, 19h, le 4 ao\u00fbt 2025","author":"Jonathan Barker","date":"04\/04\/2025","format":false,"excerpt":"Les Quatre Saisons de Vivaldi et \u00ab Dixit Dominus \u00bb de Haendel + \u00ab Suite Abdelazar \u00bb de Purcell - Dixit Dominus est l'une des \u0153uvres les plus appr\u00e9ci\u00e9es de Haendel. Elle a \u00e9t\u00e9 interpr\u00e9t\u00e9e au fil des ans par Musique-Cordiale par des ch\u0153urs de diff\u00e9rentes tailles, dont une fois\u2026","rel":"","context":"Article similaire","block_context":{"text":"Article similaire","link":""},"img":{"alt_text":"","src":"https:\/\/i0.wp.com\/www.musique-cordiale.com\/wp-content\/uploads\/2023\/05\/Concert_in_Bagnols-en-Foret_France-scaled.jpg?fit=1200%2C800&ssl=1&resize=350%2C200","width":350,"height":200,"srcset":"https:\/\/i0.wp.com\/www.musique-cordiale.com\/wp-content\/uploads\/2023\/05\/Concert_in_Bagnols-en-Foret_France-scaled.jpg?fit=1200%2C800&ssl=1&resize=350%2C200 1x, https:\/\/i0.wp.com\/www.musique-cordiale.com\/wp-content\/uploads\/2023\/05\/Concert_in_Bagnols-en-Foret_France-scaled.jpg?fit=1200%2C800&ssl=1&resize=525%2C300 1.5x, https:\/\/i0.wp.com\/www.musique-cordiale.com\/wp-content\/uploads\/2023\/05\/Concert_in_Bagnols-en-Foret_France-scaled.jpg?fit=1200%2C800&ssl=1&resize=700%2C400 2x, https:\/\/i0.wp.com\/www.musique-cordiale.com\/wp-content\/uploads\/2023\/05\/Concert_in_Bagnols-en-Foret_France-scaled.jpg?fit=1200%2C800&ssl=1&resize=1050%2C600 3x"},"classes":[]},{"id":39441,"url":"https:\/\/www.musique-cordiale.com\/fr\/boutique-billetterie\/12-august-2023-closing-festival-concert-handel-mozart-oratorios-mozart-coronation-mass\/","url_meta":{"origin":48982,"position":5},"title":"CONCERT de cl\u00f4ture du festival &#8211; Hymnes de Haendel et messe du couronnement de Mozart &#8211; avec ch\u0153ur, orchestre et solistes, 20h","author":"Jonathan Barker","date":"24\/05\/2023","format":false,"excerpt":"EN: FESTIVAL 2023: Closing concert | Mozart & Handel Oratorios, MOZART: MESSE DU COURONNEMENT \u00a0(second & final 2023 Festival performance) | Graham Ross leads the Festival Choir and Orchestra with soloists in a rendition of Mozart's Coronation Mass as a nod to Britain's recently crowned King Charles III. This final\u2026","rel":"","context":"Article similaire","block_context":{"text":"Article similaire","link":""},"img":{"alt_text":"","src":"https:\/\/i0.wp.com\/www.musique-cordiale.com\/wp-content\/uploads\/2019\/12\/WhatsApp-Image-2019-12-17-at-15.16.27.jpeg?fit=900%2C1200&ssl=1&resize=350%2C200","width":350,"height":200,"srcset":"https:\/\/i0.wp.com\/www.musique-cordiale.com\/wp-content\/uploads\/2019\/12\/WhatsApp-Image-2019-12-17-at-15.16.27.jpeg?fit=900%2C1200&ssl=1&resize=350%2C200 1x, https:\/\/i0.wp.com\/www.musique-cordiale.com\/wp-content\/uploads\/2019\/12\/WhatsApp-Image-2019-12-17-at-15.16.27.jpeg?fit=900%2C1200&ssl=1&resize=525%2C300 1.5x, https:\/\/i0.wp.com\/www.musique-cordiale.com\/wp-content\/uploads\/2019\/12\/WhatsApp-Image-2019-12-17-at-15.16.27.jpeg?fit=900%2C1200&ssl=1&resize=700%2C400 2x"},"classes":[]}],"_links":{"self":[{"href":"https:\/\/www.musique-cordiale.com\/fr\/wp-json\/wp\/v2\/product\/48982","targetHints":{"allow":["GET"]}}],"collection":[{"href":"https:\/\/www.musique-cordiale.com\/fr\/wp-json\/wp\/v2\/product"}],"about":[{"href":"https:\/\/www.musique-cordiale.com\/fr\/wp-json\/wp\/v2\/types\/product"}],"wp:featuredmedia":[{"embeddable":true,"href":"https:\/\/www.musique-cordiale.com\/fr\/wp-json\/wp\/v2\/media\/15672"}],"wp:attachment":[{"href":"https:\/\/www.musique-cordiale.com\/fr\/wp-json\/wp\/v2\/media?parent=48982"}],"wp:term":[{"taxonomy":"product_brand","embeddable":true,"href":"https:\/\/www.musique-cordiale.com\/fr\/wp-json\/wp\/v2\/product_brand?post=48982"},{"taxonomy":"product_cat","embeddable":true,"href":"https:\/\/www.musique-cordiale.com\/fr\/wp-json\/wp\/v2\/product_cat?post=48982"},{"taxonomy":"product_tag","embeddable":true,"href":"https:\/\/www.musique-cordiale.com\/fr\/wp-json\/wp\/v2\/product_tag?post=48982"},{"taxonomy":"venue","embeddable":true,"href":"https:\/\/www.musique-cordiale.com\/fr\/wp-json\/wp\/v2\/venue?post=48982"}],"curies":[{"name":"wp","href":"https:\/\/api.w.org\/{rel}","templated":true}]}}